{"id":9,"date":"2013-10-18T08:58:20","date_gmt":"2013-10-18T05:58:20","guid":{"rendered":"http:\/\/localhost\/kirsikka\/?page_id=9"},"modified":"2016-04-06T13:49:50","modified_gmt":"2016-04-06T13:49:50","slug":"toiminta","status":"publish","type":"page","link":"https:\/\/www.kotipalvelukirsikka.fi\/?page_id=9","title":{"rendered":"Toiminta"},"content":{"rendered":"<p><strong>Siivoukset<a href=\"http:\/\/www.kotipalvelukirsikka.fi\/wp-content\/uploads\/2013\/10\/keittio.jpg\"><img loading=\"lazy\" decoding=\"async\" class=\"size-full wp-image-112 alignright\" src=\"http:\/\/www.kotipalvelukirsikka.fi\/wp-content\/uploads\/2013\/10\/keittio.jpg\" alt=\"keittio\" width=\"490\" height=\"653\" \/><\/a><br \/>\n<\/strong><\/p>\n<p><strong>Yll\u00e4pitosiivoukset sis\u00e4lt\u00e4v\u00e4t esim:<br \/>\n<\/strong><br \/>\n&#8211; Mattojen tuuletus<br \/>\n&#8211; P\u00f6lyjen pyyhint\u00e4<br \/>\n&#8211; Lattioiden kostea pyyhint\u00e4<br \/>\n&#8211; WC:n pesut<\/p>\n<p><strong>Ikkunoiden pesut<\/strong><\/p>\n<p><strong>M<\/strong><strong>uut erikoisty\u00f6t<\/strong><\/p>\n<p><strong>Piha<\/strong><\/p>\n<p>&#8211; Piha- ja haravointity\u00f6t<br \/>\n&#8211; Nurmikoiden leikkaus<br \/>\n&#8211; Pensasaitojen ja pensaiden leikkaus<br \/>\n&#8211; Kevyet lumity\u00f6t<\/p>\n<p><strong>Asiointiapu<\/strong><\/p>\n<p>&#8211; Kauppa-apu<br \/>\n&#8211; Apteekkiasiointi<br \/>\n&#8211; Virastoasiointi<\/p>\n<p><strong>Kotiapu<\/strong><\/p>\n<p>&#8211; Ruoanlaitto ja leipominen<br \/>\n&#8211; Suihkutus ja kylvetys<\/p>\n<p><strong>Karvakamu<\/strong><\/p>\n<p>&#8211; Mik\u00e4 sen ihanampaa kuin saada koira hellitt\u00e4v\u00e4ksi askareiden lomalle.<br \/>\n&#8211; Tutkittua hy\u00f6ty\u00e4. <a href=\"http:\/\/www.studio55.fi\/hyvinvointi\/article\/nain-lemmikki-parantaa-terveyttasi\/3345228\" target=\"_blank\">Lue lis\u00e4\u00e4 lemmikkiel\u00e4inten terveysvaikutuksista<\/a><\/p>\n<p>&nbsp;<\/p>\n<p style=\"text-align: left;\">\u00a0 \u00a0 \u00a0 \u00a0 \u00a0 \u00a0 Kirsikan kanssa yhteisty\u00f6ss\u00e4:<\/p>\n<p><a href=\"http:\/\/www.yrittajat.fi\" target=\"_blank\"><img loading=\"lazy\" decoding=\"async\" class=\"size-medium wp-image-139 alignleft\" src=\"http:\/\/www.kotipalvelukirsikka.fi\/wp-content\/uploads\/2013\/10\/Yrittajat-300x98.png\" alt=\"Yrittajat\" width=\"300\" height=\"98\" \/><\/a><\/p>\n<p>&nbsp;<\/p>\n<p>&nbsp;<\/p>\n<p>&nbsp;<\/p>\n<p>&nbsp;<\/p>\n<p><a href=\"http:\/\/www.ikolmio.fi\" target=\"_blank\"><img loading=\"lazy\" decoding=\"async\" class=\"alignleft size-full wp-image-146\" src=\"http:\/\/www.kotipalvelukirsikka.fi\/wp-content\/uploads\/2013\/10\/Kolmio.png\" alt=\"Kolmio\" width=\"285\" height=\"95\" \/><\/a><\/p>\n","protected":false},"excerpt":{"rendered":"<p>Siivoukset Yll\u00e4pitosiivoukset sis\u00e4lt\u00e4v\u00e4t esim: &#8211; Mattojen tuuletus &#8211; P\u00f6lyjen pyyhint\u00e4 &#8211; Lattioiden kostea pyyhint\u00e4 &#8211; WC:n pesut Ikkunoiden pesut Muut erikoisty\u00f6t Piha &#8211; Piha- ja haravointity\u00f6t &#8211; Nurmikoiden leikkaus &#8211; Pensasaitojen ja pensaiden leikkaus &#8211; Kevyet lumity\u00f6t Asiointiapu &#8211; Kauppa-apu &#8211; Apteekkiasiointi &#8211; Virastoasiointi Kotiapu &#8211; Ruoanlaitto ja leipominen &#8211; Suihkutus ja kylvetys Karvakamu &#8211; [&hellip;]<\/p>\n","protected":false},"author":2,"featured_media":0,"parent":0,"menu_order":0,"comment_status":"open","ping_status":"open","template":"","meta":{"footnotes":""},"class_list":["post-9","page","type-page","status-publish","hentry"],"aioseo_notices":[],"_links":{"self":[{"href":"https:\/\/www.kotipalvelukirsikka.fi\/index.php?rest_route=\/wp\/v2\/pages\/9","targetHints":{"allow":["GET"]}}],"collection":[{"href":"https:\/\/www.kotipalvelukirsikka.fi\/index.php?rest_route=\/wp\/v2\/pages"}],"about":[{"href":"https:\/\/www.kotipalvelukirsikka.fi\/index.php?rest_route=\/wp\/v2\/types\/page"}],"author":[{"embeddable":true,"href":"https:\/\/www.kotipalvelukirsikka.fi\/index.php?rest_route=\/wp\/v2\/users\/2"}],"replies":[{"embeddable":true,"href":"https:\/\/www.kotipalvelukirsikka.fi\/index.php?rest_route=%2Fwp%2Fv2%2Fcomments&post=9"}],"version-history":[{"count":13,"href":"https:\/\/www.kotipalvelukirsikka.fi\/index.php?rest_route=\/wp\/v2\/pages\/9\/revisions"}],"predecessor-version":[{"id":131,"href":"https:\/\/www.kotipalvelukirsikka.fi\/index.php?rest_route=\/wp\/v2\/pages\/9\/revisions\/131"}],"wp:attachment":[{"href":"https:\/\/www.kotipalvelukirsikka.fi\/index.php?rest_route=%2Fwp%2Fv2%2Fmedia&parent=9"}],"curies":[{"name":"wp","href":"https:\/\/api.w.org\/{rel}","templated":true}]}}